{"id":59,"date":"2024-11-05T19:22:44","date_gmt":"2024-11-05T18:22:44","guid":{"rendered":"http:\/\/yoganesha-aubagne.fr\/?page_id=59"},"modified":"2025-08-25T13:45:48","modified_gmt":"2025-08-25T11:45:48","slug":"ressources","status":"publish","type":"page","link":"https:\/\/yoganesha-aubagne.fr\/index.php\/ressources\/","title":{"rendered":"Ressources"},"content":{"rendered":"\n<p><strong>Bibliographie&nbsp;<\/strong><\/p>\n\n\n\n<ul class=\"wp-block-list\">\n<li>Yoga Mala<\/li>\n\n\n\n<li>Encyclop\u00e9die du Yoga<\/li>\n\n\n\n<li>Yoga pour les nuls<\/li>\n\n\n\n<li><a href=\"http:\/\/www.patrickfrapeauyoga.fr\/ashtanga-vinyasa-yoga\/\">Ashtanga Vinyasa Yoga<\/a><\/li>\n<\/ul>\n\n\n\n<p><strong>Conseils pour yogi et yogini<\/strong><\/p>\n\n\n\n<ul class=\"wp-block-list\">\n<li><a href=\"https:\/\/www.passeportsante.net\/fr\/Therapies\/Guide\/Fiche.aspx?doc=yoga-ashtanga_th\">Fiche sant\u00e9 Yoga Ashtanga<\/a><\/li>\n\n\n\n<li><a href=\"https:\/\/yoganesha-aubagne.fr\/wp-content\/uploads\/2024\/12\/Tarifs-2.pdf\">Zafu et Bolster de Val\u00e9rie<\/a><\/li>\n<\/ul>\n\n\n\n<p><strong>Videos <\/strong><\/p>\n\n\n\n<ul class=\"wp-block-list\">\n<li><a href=\"https:\/\/youtu.be\/aUgtMaAZzW0\">Premi\u00e8re s\u00e9rie d&rsquo;Ashtanga Vinyasa Yoga par Sri K. Pattabhi Jois<\/a><\/li>\n\n\n\n<li><a href=\"https:\/\/yoga-ashtanga.net\/pratique-yoga\/les-invocations-ou-chants-dans-la-pratique-de-lashtanga-yoga\/\">Les Mantras<br><\/a><\/li>\n<\/ul>\n\n\n\n<p><strong>La fiche de 1<sup>\u00e8re<\/sup> s\u00e9rie dirig\u00e9e<\/strong><br>(<a href=\"https:\/\/www.cyrillagelyoga.com\/shop\/p\/fiche-illustre-de-la-premire-srie-yoga-chikitsa-10-frais-de-port-en-france-inclus?itemId=fiche-illustre-de-la-premire-srie-yoga-chikitsa-10-frais-de-port-en-france-inclus\">source)<\/a><\/p>\n\n\n\n<figure data-wp-context=\"{&quot;imageId&quot;:&quot;69f8907b231f9&quot;}\" data-wp-interactive=\"core\/image\" data-wp-key=\"69f8907b231f9\" class=\"wp-block-image aligncenter size-full is-resized wp-lightbox-container\"><img loading=\"lazy\" decoding=\"async\" width=\"2560\" height=\"1606\" data-wp-class--hide=\"state.isContentHidden\" data-wp-class--show=\"state.isContentVisible\" data-wp-init=\"callbacks.setButtonStyles\" data-wp-on--click=\"actions.showLightbox\" data-wp-on--load=\"callbacks.setButtonStyles\" data-wp-on-window--resize=\"callbacks.setButtonStyles\" src=\"https:\/\/yoganesha-aubagne.fr\/wp-content\/uploads\/2024\/11\/Deco-1-scaled.jpg\" alt=\"\" class=\"wp-image-203\" style=\"object-fit:cover;width:827px;height:auto\" srcset=\"https:\/\/yoganesha-aubagne.fr\/wp-content\/uploads\/2024\/11\/Deco-1-scaled.jpg 2560w, https:\/\/yoganesha-aubagne.fr\/wp-content\/uploads\/2024\/11\/Deco-1-300x188.jpg 300w, https:\/\/yoganesha-aubagne.fr\/wp-content\/uploads\/2024\/11\/Deco-1-1024x642.jpg 1024w, https:\/\/yoganesha-aubagne.fr\/wp-content\/uploads\/2024\/11\/Deco-1-768x482.jpg 768w, https:\/\/yoganesha-aubagne.fr\/wp-content\/uploads\/2024\/11\/Deco-1-1536x963.jpg 1536w, https:\/\/yoganesha-aubagne.fr\/wp-content\/uploads\/2024\/11\/Deco-1-2048x1285.jpg 2048w\" sizes=\"auto, (max-width: 2560px) 100vw, 2560px\" \/><button\n\t\t\tclass=\"lightbox-trigger\"\n\t\t\ttype=\"button\"\n\t\t\taria-haspopup=\"dialog\"\n\t\t\taria-label=\"Agrandir\"\n\t\t\tdata-wp-init=\"callbacks.initTriggerButton\"\n\t\t\tdata-wp-on--click=\"actions.showLightbox\"\n\t\t\tdata-wp-style--right=\"state.imageButtonRight\"\n\t\t\tdata-wp-style--top=\"state.imageButtonTop\"\n\t\t>\n\t\t\t<svg xmlns=\"http:\/\/www.w3.org\/2000\/svg\" width=\"12\" height=\"12\" fill=\"none\" viewBox=\"0 0 12 12\">\n\t\t\t\t<path fill=\"#fff\" d=\"M2 0a2 2 0 0 0-2 2v2h1.5V2a.5.5 0 0 1 .5-.5h2V0H2Zm2 10.5H2a.5.5 0 0 1-.5-.5V8H0v2a2 2 0 0 0 2 2h2v-1.5ZM8 12v-1.5h2a.5.5 0 0 0 .5-.5V8H12v2a2 2 0 0 1-2 2H8Zm2-12a2 2 0 0 1 2 2v2h-1.5V2a.5.5 0 0 0-.5-.5H8V0h2Z\" \/>\n\t\t\t<\/svg>\n\t\t<\/button><\/figure>\n\n\n\n<p><\/p>\n","protected":false},"excerpt":{"rendered":"<p>Bibliographie&nbsp; Conseils pour yogi et yogini Videos La fiche de 1\u00e8re s\u00e9rie dirig\u00e9e(source)<\/p>\n","protected":false},"author":1,"featured_media":0,"parent":0,"menu_order":0,"comment_status":"closed","ping_status":"closed","template":"","meta":{"site-sidebar-layout":"default","site-content-layout":"","ast-site-content-layout":"","site-content-style":"default","site-sidebar-style":"default","ast-global-header-display":"","ast-banner-title-visibility":"","ast-main-header-display":"","ast-hfb-above-header-display":"","ast-hfb-below-header-display":"","ast-hfb-mobile-header-display":"","site-post-title":"","ast-breadcrumbs-content":"","ast-featured-img":"","footer-sml-layout":"","theme-transparent-header-meta":"","adv-header-id-meta":"","stick-header-meta":"","header-above-stick-meta":"","header-main-stick-meta":"","header-below-stick-meta":"","astra-migrate-meta-layouts":"default","ast-page-background-enabled":"default","ast-page-background-meta":{"desktop":{"background-color":"var(--ast-global-color-4)","background-image":"","background-repeat":"repeat","background-position":"center center","background-size":"auto","background-attachment":"scroll","background-type":"","background-media":"","overlay-type":"","overlay-color":"","overlay-opacity":"","overlay-gradient":""},"tablet":{"background-color":"","background-image":"","background-repeat":"repeat","background-position":"center center","background-size":"auto","background-attachment":"scroll","background-type":"","background-media":"","overlay-type":"","overlay-color":"","overlay-opacity":"","overlay-gradient":""},"mobile":{"background-color":"","background-image":"","background-repeat":"repeat","background-position":"center center","background-size":"auto","background-attachment":"scroll","background-type":"","background-media":"","overlay-type":"","overlay-color":"","overlay-opacity":"","overlay-gradient":""}},"ast-content-background-meta":{"desktop":{"background-color":"var(--ast-global-color-5)","background-image":"","background-repeat":"repeat","background-position":"center center","background-size":"auto","background-attachment":"scroll","background-type":"","background-media":"","overlay-type":"","overlay-color":"","overlay-opacity":"","overlay-gradient":""},"tablet":{"background-color":"var(--ast-global-color-5)","background-image":"","background-repeat":"repeat","background-position":"center center","background-size":"auto","background-attachment":"scroll","background-type":"","background-media":"","overlay-type":"","overlay-color":"","overlay-opacity":"","overlay-gradient":""},"mobile":{"background-color":"var(--ast-global-color-5)","background-image":"","background-repeat":"repeat","background-position":"center center","background-size":"auto","background-attachment":"scroll","background-type":"","background-media":"","overlay-type":"","overlay-color":"","overlay-opacity":"","overlay-gradient":""}},"footnotes":""},"class_list":["post-59","page","type-page","status-publish","hentry"],"_links":{"self":[{"href":"https:\/\/yoganesha-aubagne.fr\/index.php\/wp-json\/wp\/v2\/pages\/59","targetHints":{"allow":["GET"]}}],"collection":[{"href":"https:\/\/yoganesha-aubagne.fr\/index.php\/wp-json\/wp\/v2\/pages"}],"about":[{"href":"https:\/\/yoganesha-aubagne.fr\/index.php\/wp-json\/wp\/v2\/types\/page"}],"author":[{"embeddable":true,"href":"https:\/\/yoganesha-aubagne.fr\/index.php\/wp-json\/wp\/v2\/users\/1"}],"replies":[{"embeddable":true,"href":"https:\/\/yoganesha-aubagne.fr\/index.php\/wp-json\/wp\/v2\/comments?post=59"}],"version-history":[{"count":12,"href":"https:\/\/yoganesha-aubagne.fr\/index.php\/wp-json\/wp\/v2\/pages\/59\/revisions"}],"predecessor-version":[{"id":456,"href":"https:\/\/yoganesha-aubagne.fr\/index.php\/wp-json\/wp\/v2\/pages\/59\/revisions\/456"}],"wp:attachment":[{"href":"https:\/\/yoganesha-aubagne.fr\/index.php\/wp-json\/wp\/v2\/media?parent=59"}],"curies":[{"name":"wp","href":"https:\/\/api.w.org\/{rel}","templated":true}]}}