{"id":55,"date":"2024-11-05T19:21:24","date_gmt":"2024-11-05T18:21:24","guid":{"rendered":"http:\/\/yoganesha-aubagne.fr\/?page_id=55"},"modified":"2024-11-17T20:41:27","modified_gmt":"2024-11-17T19:41:27","slug":"notre-vision-et-nos-valeurs","status":"publish","type":"page","link":"https:\/\/yoganesha-aubagne.fr\/index.php\/notre-vision-et-nos-valeurs\/","title":{"rendered":"Notre vision et nos valeurs"},"content":{"rendered":"\n<p><\/p>\n\n\n\n<div class=\"wp-block-cover is-light has-custom-content-position is-position-top-left\"><span aria-hidden=\"true\" class=\"wp-block-cover__background has-background-dim\" style=\"background-color:#8a563f\"><\/span><img loading=\"lazy\" decoding=\"async\" width=\"2560\" height=\"1097\" class=\"wp-block-cover__image-background wp-image-328\" alt=\"\" src=\"https:\/\/yoganesha-aubagne.fr\/wp-content\/uploads\/2024\/11\/tempImageuEuNrX-scaled.jpg\" data-object-fit=\"cover\" srcset=\"https:\/\/yoganesha-aubagne.fr\/wp-content\/uploads\/2024\/11\/tempImageuEuNrX-scaled.jpg 2560w, https:\/\/yoganesha-aubagne.fr\/wp-content\/uploads\/2024\/11\/tempImageuEuNrX-300x129.jpg 300w, https:\/\/yoganesha-aubagne.fr\/wp-content\/uploads\/2024\/11\/tempImageuEuNrX-1024x439.jpg 1024w, https:\/\/yoganesha-aubagne.fr\/wp-content\/uploads\/2024\/11\/tempImageuEuNrX-768x329.jpg 768w, https:\/\/yoganesha-aubagne.fr\/wp-content\/uploads\/2024\/11\/tempImageuEuNrX-1536x658.jpg 1536w, https:\/\/yoganesha-aubagne.fr\/wp-content\/uploads\/2024\/11\/tempImageuEuNrX-2048x878.jpg 2048w\" sizes=\"auto, (max-width: 2560px) 100vw, 2560px\" \/><div class=\"wp-block-cover__inner-container is-layout-flow wp-block-cover-is-layout-flow\">\n<p class=\"has-text-align-center has-large-font-size\"><\/p>\n<\/div><\/div>\n\n\n\n<p>Chez <strong>Yoganesha<\/strong>, nous croyons que le yoga est bien plus qu\u2019une simple pratique physique. C\u2019est un chemin vers la connaissance de soi, l\u2019\u00e9quilibre, la paix int\u00e9rieure et un lien avec le monde ext\u00e9rieur. C\u2019est aussi une communaut\u00e9 accessible, inclusive, fermement ancr\u00e9e dans son environnement, qui redonne de la vitalit\u00e9 et favorise le d\u00e9veloppement de son plein potentiel.<\/p>\n\n\n\n<p>Notre philosophie repose sur les principes suivants :<\/p>\n\n\n\n<ul class=\"wp-block-list\">\n<li><strong>Accessibilit\u00e9<\/strong> <br>Nous offrons des cours adapt\u00e9s \u00e0 tous, sans distinction d\u2019\u00e2ge, de forme physique ou d\u2019exp\u00e9rience.&nbsp;&nbsp;<\/li>\n\n\n\n<li><strong>Accompagnement personnalis\u00e9 <\/strong><br>Chaque \u00e9l\u00e8ve est unique. Nous sommes form\u00e9es pour apporter un soutien individuel, afin que chacun puisse \u00e9voluer \u00e0 son rythme et nous encourageons chacun \u00e0 \u00e9couter son corps et respecter ses limites<\/li>\n\n\n\n<li><strong>Respect et bienveillance <\/strong><br>Nous cultivons un environnement o\u00f9 le respect de soi et des autres est primordial. Chacun est encourag\u00e9 \u00e0 s\u2019exprimer librement sans jugement.<\/li>\n\n\n\n<li><strong>\u00c9panouissement holistique <\/strong><br>Le yoga ne se limite pas aux postures. Nous int\u00e9grons la m\u00e9ditation, la respiration et la philosophie du yoga pour un bien-\u00eatre global.<\/li>\n<\/ul>\n","protected":false},"excerpt":{"rendered":"<p>Chez Yoganesha, nous croyons que le yoga est bien plus qu\u2019une simple pratique physique. C\u2019est un chemin vers la connaissance [&hellip;]<\/p>\n","protected":false},"author":1,"featured_media":0,"parent":0,"menu_order":0,"comment_status":"closed","ping_status":"closed","template":"","meta":{"site-sidebar-layout":"default","site-content-layout":"","ast-site-content-layout":"","site-content-style":"default","site-sidebar-style":"default","ast-global-header-display":"","ast-banner-title-visibility":"","ast-main-header-display":"","ast-hfb-above-header-display":"","ast-hfb-below-header-display":"","ast-hfb-mobile-header-display":"","site-post-title":"","ast-breadcrumbs-content":"","ast-featured-img":"","footer-sml-layout":"","theme-transparent-header-meta":"","adv-header-id-meta":"","stick-header-meta":"","header-above-stick-meta":"","header-main-stick-meta":"","header-below-stick-meta":"","astra-migrate-meta-layouts":"default","ast-page-background-enabled":"default","ast-page-background-meta":{"desktop":{"background-color":"var(--ast-global-color-4)","background-image":"","background-repeat":"repeat","background-position":"center center","background-size":"auto","background-attachment":"scroll","background-type":"","background-media":"","overlay-type":"","overlay-color":"","overlay-opacity":"","overlay-gradient":""},"tablet":{"background-color":"","background-image":"","background-repeat":"repeat","background-position":"center center","background-size":"auto","background-attachment":"scroll","background-type":"","background-media":"","overlay-type":"","overlay-color":"","overlay-opacity":"","overlay-gradient":""},"mobile":{"background-color":"","background-image":"","background-repeat":"repeat","background-position":"center center","background-size":"auto","background-attachment":"scroll","background-type":"","background-media":"","overlay-type":"","overlay-color":"","overlay-opacity":"","overlay-gradient":""}},"ast-content-background-meta":{"desktop":{"background-color":"var(--ast-global-color-5)","background-image":"","background-repeat":"repeat","background-position":"center center","background-size":"auto","background-attachment":"scroll","background-type":"","background-media":"","overlay-type":"","overlay-color":"","overlay-opacity":"","overlay-gradient":""},"tablet":{"background-color":"var(--ast-global-color-5)","background-image":"","background-repeat":"repeat","background-position":"center center","background-size":"auto","background-attachment":"scroll","background-type":"","background-media":"","overlay-type":"","overlay-color":"","overlay-opacity":"","overlay-gradient":""},"mobile":{"background-color":"var(--ast-global-color-5)","background-image":"","background-repeat":"repeat","background-position":"center center","background-size":"auto","background-attachment":"scroll","background-type":"","background-media":"","overlay-type":"","overlay-color":"","overlay-opacity":"","overlay-gradient":""}},"footnotes":""},"class_list":["post-55","page","type-page","status-publish","hentry"],"_links":{"self":[{"href":"https:\/\/yoganesha-aubagne.fr\/index.php\/wp-json\/wp\/v2\/pages\/55","targetHints":{"allow":["GET"]}}],"collection":[{"href":"https:\/\/yoganesha-aubagne.fr\/index.php\/wp-json\/wp\/v2\/pages"}],"about":[{"href":"https:\/\/yoganesha-aubagne.fr\/index.php\/wp-json\/wp\/v2\/types\/page"}],"author":[{"embeddable":true,"href":"https:\/\/yoganesha-aubagne.fr\/index.php\/wp-json\/wp\/v2\/users\/1"}],"replies":[{"embeddable":true,"href":"https:\/\/yoganesha-aubagne.fr\/index.php\/wp-json\/wp\/v2\/comments?post=55"}],"version-history":[{"count":12,"href":"https:\/\/yoganesha-aubagne.fr\/index.php\/wp-json\/wp\/v2\/pages\/55\/revisions"}],"predecessor-version":[{"id":329,"href":"https:\/\/yoganesha-aubagne.fr\/index.php\/wp-json\/wp\/v2\/pages\/55\/revisions\/329"}],"wp:attachment":[{"href":"https:\/\/yoganesha-aubagne.fr\/index.php\/wp-json\/wp\/v2\/media?parent=55"}],"curies":[{"name":"wp","href":"https:\/\/api.w.org\/{rel}","templated":true}]}}