{"id":49,"date":"2024-11-05T19:20:34","date_gmt":"2024-11-05T18:20:34","guid":{"rendered":"http:\/\/yoganesha-aubagne.fr\/?page_id=49"},"modified":"2026-01-27T16:18:17","modified_gmt":"2026-01-27T15:18:17","slug":"nos-enseignantes","status":"publish","type":"page","link":"https:\/\/yoganesha-aubagne.fr\/index.php\/nos-enseignantes\/","title":{"rendered":"Nos Enseignantes"},"content":{"rendered":"\n<div class=\"wp-block-media-text is-stacked-on-mobile\"><figure class=\"wp-block-media-text__media\"><img loading=\"lazy\" decoding=\"async\" width=\"1024\" height=\"768\" src=\"https:\/\/yoganesha-aubagne.fr\/wp-content\/uploads\/2024\/11\/photo-4-profs-1024x768.jpg\" alt=\"\" class=\"wp-image-316 size-full\" srcset=\"https:\/\/yoganesha-aubagne.fr\/wp-content\/uploads\/2024\/11\/photo-4-profs-1024x768.jpg 1024w, https:\/\/yoganesha-aubagne.fr\/wp-content\/uploads\/2024\/11\/photo-4-profs-300x225.jpg 300w, https:\/\/yoganesha-aubagne.fr\/wp-content\/uploads\/2024\/11\/photo-4-profs-768x576.jpg 768w, https:\/\/yoganesha-aubagne.fr\/wp-content\/uploads\/2024\/11\/photo-4-profs-1536x1152.jpg 1536w, https:\/\/yoganesha-aubagne.fr\/wp-content\/uploads\/2024\/11\/photo-4-profs-2048x1536.jpg 2048w\" sizes=\"auto, (max-width: 1024px) 100vw, 1024px\" \/><\/figure><div class=\"wp-block-media-text__content\">\n<p>Nous sommes cinq enseignantes dipl\u00f4m\u00e9es \u00e0 l\u2019\u00e9cole AYAM (\u00e9cole de formation par Intelligence Collective, plus de 500 heures de formation). Passionn\u00e9es par cette pratique\u00a0 nous avons \u00e0 c\u0153ur de la transmettre, l\u2019enseigner, chacune avec sa propre personnalit\u00e9 et son exp\u00e9rience personnelle. Ensemble, nous formons une \u00e9quipe dynamique, chaleureuse et attentive, pr\u00eate \u00e0 vous accompagner \u00e0 chaque \u00e9tape sur votre chemin que nous souhaitons enrichissant.<\/p>\n<\/div><\/div>\n\n\n\n<p><\/p>\n\n\n\n<div id=\"wp-block-cp-cool-flipbox-block-3a6174c3\" class=\"wp-block-cp-cool-flipbox-block anim flipY\"><div class=\"cfb-block-flip-inner\"><div class=\"cfb-block-flip-front\"><div class=\"cfb-block-flip-content\"><img decoding=\"async\" class=\"cfb-block-img\" src=\"https:\/\/yoganesha-aubagne.fr\/wp-content\/uploads\/2024\/12\/aow90zl8.png\"\/><h3 class=\"cfb-block-front-title\">Agnes Hourtan\u00e9<\/h3><p class=\"cfb-block-front-desc\"><\/p><\/div><\/div><div class=\"cfb-block-flip-back\"><div class=\"cfb-block-flip-content\">\n<h3 class=\"wp-block-heading cfb-block-back-title\">Agn\u00e8s Hourtan\u00e9<\/h3>\n\n\n\n<p class=\"has-text-align-left cfb-block-back-desc has-black-color has-text-color has-link-color has-small-font-size wp-elements-51473c73169493c25da6a6aa3ea7c38b\">J\u2019ai toujours \u00e9t\u00e9 passionn\u00e9e par les sports et la danse. Je d\u00e9marre enfant par 15 ans de danse classique, de l\u2019\u00e9quitation puis de l\u2019escalade et enfin les arts martiaux, (Kung Fu, Jiu Jitsu Br\u00e9silien) que j\u2019ai pratiqu\u00e9 \u00e0 haut niveau. <br>Pour partager ces techniques d\u2019arts martiaux, je me suis form\u00e9e pour devenir&nbsp;Instructeur F\u00e9d\u00e9ral d\u2019Arts martiaux chinois ( Kung Fu, Tai chi et Qi gong) \u00e0 la FFKDA. <\/p>\n\n\n\n<p class=\"has-text-align-left cfb-block-back-desc has-black-color has-text-color has-link-color has-small-font-size wp-elements-de8373175394cba919c88505e42841e0\">Parall\u00e8lement, je continue la danse dans la compagnie Ayaghma et c\u2019est lors d\u2019un \u00e9chauffement en 2016, que mon chor\u00e9graphe nous propose quelque chose de nouveau, terriblement agr\u00e9able pour le corps qui se d\u00e9liait de toutes tensions et pour le mental dans gestion du trac de la sc\u00e8ne: il s\u2019agissait de l\u2019Ashtanga et ce f\u00fbt un \u00e9merveillement.&nbsp; Je n\u2019ai plus cess\u00e9 de le pratiquer depuis.<\/p>\n\n\n\n<p class=\"has-text-align-left cfb-block-back-desc has-black-color has-text-color has-link-color has-small-font-size wp-elements-6fccd57a06eb9aa644ea2e2a6e0b414b\">J\u2019avais \u00e0 c\u0153ur de cr\u00e9er un lieu convivial, g\u00e9r\u00e9 par un collectif dynamique; une \u00e9cole pour enseigner mais aussi pour partager les exp\u00e9riences de chacun(e) et que ce soit un enrichissement pour tous(tes). Yoganesha est n\u00e9e&nbsp;!<br><br>D\u00e9sireuse d\u2019approfondir ma pratique, de conna\u00eetre l\u2019histoire, la philosophie du yoga, j\u2019ai suivi la formation \u00ab&nbsp;\u00c9l\u00e8ves&nbsp;\u00bb avec Vanessa Brouillet de AYAM en 2020 puis \u00ab&nbsp;Enseignants&nbsp;\u00bb en 2021.&nbsp; Dipl\u00f4m\u00e9e de plus 500 heures d\u2019Ashtanga Vinyasa Yoga, j\u2019enseigne depuis 2022.<br>Par le parcours sportif et toutes les blessures rencontr\u00e9es, mon enseignement s\u2019attache particuli\u00e8rement \u00e0 la technique, le positionnement anatomique du corps et le respect de son int\u00e9grit\u00e9, permettant ainsi une progression confortable et&nbsp;\u00e9panouissante.<\/p>\n\n\n\n<div class=\"wp-block-group is-layout-flow wp-block-group-is-layout-flow\">\n<p class=\"has-text-align-left has-black-color has-text-color has-link-color has-small-font-size wp-elements-48a85421bd3a25a392ada4c9fcbdb592\">Par ailleurs, je suis praticienne en M\u00e9decine Traditionnelle Chinoise. J\u2019exerce en cabinet \u00e0 Aubagne depuis plus de 15 ans. Je suis \u00e9galement membre de l\u2019ONG \u00abAcupuncture Sans fronti\u00e8re\u00bb avec qui je m\u00e8ne r\u00e9guli\u00e8rement des missions humanitaires de soins et d\u2019enseignement au personnel soignant, dans les parties du monde o\u00f9 les populations en ont le plus besoin.<\/p>\n<\/div>\n<\/div><\/div><\/div><\/div>\n\n\n\n<p><\/p>\n\n\n\n<div id=\"wp-block-cp-cool-flipbox-block-35064fd1\" class=\"wp-block-cp-cool-flipbox-block anim flipY\"><div class=\"cfb-block-flip-inner\"><div class=\"cfb-block-flip-front\"><div class=\"cfb-block-flip-content\"><img decoding=\"async\" class=\"cfb-block-img\" src=\"https:\/\/yoganesha-aubagne.fr\/wp-content\/uploads\/2024\/11\/Nadege-NAvarro-e1731493693317.jpg\"\/><h3 class=\"cfb-block-front-title\">Nad\u00e8ge Navarro<\/h3><p class=\"cfb-block-front-desc\"><\/p><\/div><\/div><div class=\"cfb-block-flip-back\"><div class=\"cfb-block-flip-content\">\n<h3 class=\"wp-block-heading cfb-block-back-title\">Nad\u00e8ge Navarro<\/h3>\n\n\n\n<p class=\"has-text-align-left has-black-color has-text-color has-link-color has-small-font-size wp-elements-b66726d9975d224fa3935625ba5470cc\">Naturopathe, professeur de yoga et fondatrice d\u2019un centre de m\u00e9decine douce, j\u2019ai toujours \u00e9t\u00e9 fascin\u00e9e par la question des relations de l\u2019\u00eatre humain, \u00e0 lui-m\u00eame, \u00e0 son corps, aux autres, \u00e0 la nature\u2026<\/p>\n\n\n\n<p class=\"has-text-align-left has-black-color has-text-color has-link-color has-small-font-size wp-elements-812ba9ef44f3cc2d4ab4b11a03b33b11\">J\u2019ai d\u2019abord \u00e9tudi\u00e9 le droit public et je me suis mise au service de l\u2019administration pendant plusieurs ann\u00e9es avant de prendre une pause salutaire et d\u2019entamer une reconversion vers des m\u00e9tiers plus respectueux de mes valeurs de bienveillance et d\u2019humanisme.<\/p>\n\n\n\n<p class=\"has-text-align-left has-black-color has-text-color has-link-color has-small-font-size wp-elements-0ffc3d348a20ea27240db4dfdd0605a9\">Parall\u00e8lement \u00e0 ce tournant professionnel, ma route a crois\u00e9 celle de l\u2019ashtanga yoga et ce f\u00fbt une r\u00e9v\u00e9lation pour moi qui cherchais une pratique matinale pour renforcer mon corps et apaiser mon esprit.<\/p>\n\n\n\n<p class=\"has-text-align-left has-black-color has-text-color has-link-color has-small-font-size wp-elements-9bb08c9dfaefe2f60f3fdbfd25944f2a\">Par la suite, les changements de ma vie, amorc\u00e9s par la pratique de la naturopathie, ont connu une acc\u00e9l\u00e9ration fulgurante gr\u00e2ce aux formations de yoga que j\u2019ai suivies aupr\u00e8s de Vanessa Brouillet (AYAM, parcours \u00e9l\u00e8ve et enseignant). Ayant trouv\u00e9 dans le yoga un pouvoir transformateur puissant et bienfaisant, j\u2019ai tr\u00e8s envie de partager les outils qui m\u2019ont permis de me sentir bien dans mon corps et dans ma t\u00eate.<\/p>\n\n\n\n<p class=\"has-text-align-left has-black-color has-text-color has-link-color has-small-font-size wp-elements-899f4656bac0c36d4e1efafa9fb850e6\">En parall\u00e8le de l\u2019ashtanga yoga, pratique dynamique intense qui me garde connect\u00e9e \u00e0 la pratiquante d\u2019arts martiaux que je suis \u00e9galement, j\u2019aime beaucoup partager des pratiques plus douces, accessibles \u00e0 tous, quels que soient l\u2019\u00e2ge et la condition physique.<\/p>\n<\/div><\/div><\/div><\/div>\n\n\n\n<p><\/p>\n\n\n\n<div id=\"wp-block-cp-cool-flipbox-block-8514913f\" class=\"wp-block-cp-cool-flipbox-block anim flipY\"><div class=\"cfb-block-flip-inner\"><div class=\"cfb-block-flip-front\"><div class=\"cfb-block-flip-content\"><img decoding=\"async\" class=\"cfb-block-img\" src=\"https:\/\/yoganesha-aubagne.fr\/wp-content\/uploads\/2024\/11\/Muriel-Agramunt.jpg\"\/><h3 class=\"cfb-block-front-title\">Muriel Agramunt<\/h3><p class=\"cfb-block-front-desc\"><\/p><\/div><\/div><div class=\"cfb-block-flip-back\"><div class=\"cfb-block-flip-content\">\n<h3 class=\"wp-block-heading cfb-block-back-title\">Muriel Agramunt<\/h3>\n\n\n\n<p class=\"has-text-align-left has-black-color has-text-color has-link-color has-small-font-size wp-elements-72f79c55fd163257ec3853b7bb395f65\">Ost\u00e9opathe depuis 15 ans sur Marseille et sur Aubagne, anciennement kin\u00e9sith\u00e9rapeute de formation, je suis aussi enseignante \u00e0 l\u2019\u00e9cole d\u2019ost\u00e9opathie de Meyreuil et formatrice en anatomie pour les futurs enseignants de yoga.<\/p>\n\n\n\n<p class=\"has-text-align-left has-black-color has-text-color has-link-color has-small-font-size wp-elements-797ae6794b7fc13bf0da4e96a6b47143\">J\u2019ai toujours \u00e9t\u00e9 passionn\u00e9e par la sant\u00e9, le mouvement et la transmission.<\/p>\n\n\n\n<p class=\"has-text-align-left has-black-color has-text-color has-link-color has-small-font-size wp-elements-b21049d58918cd2441e50392e6d16e7b\">Apr\u00e8s avoir pratiqu\u00e9 de nombreux sports diff\u00e9rents, la d\u00e9couverte de l&rsquo;Ashtanga yoga, il y a 20 ans, m\u2019a transform\u00e9e&nbsp;: au-del\u00e0 de la pratique sur le tapis qui soutient la sant\u00e9 de mon corps et de mon esprit au quotidien, la philosophie du yoga nourrit ma relation aux autres et au monde.<\/p>\n\n\n\n<p class=\"has-text-align-left has-black-color has-text-color has-link-color has-small-font-size wp-elements-bcfd81d14897e0f97e20d75a3802b559\">Dans mon d\u00e9sir de transmettre et de semer des graines, je suis sp\u00e9cialis\u00e9e en ost\u00e9opathie p\u00e9diatrique (nouveaux n\u00e9, enfants et ados) et post partum et j\u2019adore intervenir r\u00e9guli\u00e8rement dans les \u00e9tablissements scolaires et proposer des ateliers aux enfants et adolescents autour de la sant\u00e9 et du corps.<\/p>\n\n\n\n<p class=\"has-text-align-left has-black-color has-text-color has-link-color has-small-font-size wp-elements-b624e9c34e9cebffbf1daf7ff6221571\">Aujourd\u2019hui, je suis pleinement heureuse car toutes mes activit\u00e9s professionnelles sont en accord avec ma mission de vie&nbsp;: accompagner les individus vers plus d\u2019autonomie, de conscience, d\u2019outils et de compr\u00e9hension afin d\u2019\u00eatre au maximum acteur de leur sant\u00e9.<\/p>\n<\/div><\/div><\/div><\/div>\n\n\n\n<p><\/p>\n\n\n\n<div id=\"wp-block-cp-cool-flipbox-block-e0bcb966\" class=\"wp-block-cp-cool-flipbox-block anim flipY\"><div class=\"cfb-block-flip-inner\"><div class=\"cfb-block-flip-front\"><div class=\"cfb-block-flip-content\"><img decoding=\"async\" class=\"cfb-block-img\" src=\"https:\/\/yoganesha-aubagne.fr\/wp-content\/uploads\/2024\/11\/Virginia-Pisano.jpg\"\/><h3 class=\"cfb-block-front-title\">Virginia Pisano<\/h3><p class=\"cfb-block-front-desc\"><\/p><\/div><\/div><div class=\"cfb-block-flip-back\"><div class=\"cfb-block-flip-content\">\n<h3 class=\"wp-block-heading cfb-block-back-title\">Virginia Pisano<\/h3>\n\n\n\n<p class=\"has-text-align-left has-black-color has-text-color has-link-color has-small-font-size wp-elements-8d601859b95ecdc2b1edb55444f860f0\">&nbsp;Lorsque j\u2019ai commenc\u00e9 \u00e0 pratiquer le yoga Ashtanga en 2015 je n\u2019imaginais pas m\u2019engager un jour dans la transmission de cette pratique. Et me voil\u00e0 en 2020 d\u00e9buter la formation \u00e9l\u00e8ve, puis la formation enseignant (500 heures) dispens\u00e9es par Vanessa Brouillet (\u00e9cole de transformation par l\u2019intelligence collective AYAM), et commencer \u00e0 enseigner.<\/p>\n\n\n\n<p class=\"has-text-align-left has-black-color has-text-color has-link-color has-small-font-size wp-elements-cde09615c20329b210b4d4f1b4a555e0\">Accompagner dans la douceur et dans la bienveillance pour que chacun.e puisse faire l\u2019exp\u00e9rience de la pratique c\u2019est l\u2019intention qui me motive \u00e0 transmettre la m\u00e9thode de l\u2019Ashtanga yoga. Une m\u00e9thode dans laquelle l\u2019enseignant.e progresse autant que l\u2019\u00e9l\u00e8ve, toujours \u00e0 la recherche d\u2019une posture juste et int\u00e8gre, engag\u00e9e et rel\u00e2ch\u00e9e en m\u00eame temps.<\/p>\n\n\n\n<p class=\"has-text-align-left has-black-color has-text-color has-link-color has-small-font-size wp-elements-dedba97487ca9c5b2de2b4aa80be989f\">Convaincue par les bienfaits de partager la pratique du yoga en groupe, je m\u2019appuie sur mes savoir-faire en intelligence collective pour m\u2019orienter sur le chemin de l\u2019enseignement. Je m\u2019int\u00e9resse \u00e0 l\u2019histoire du yoga et notamment \u00e0 la construction du yoga postural moderne au d\u00e9but du 20\u00e8me si\u00e8cle.<\/p>\n\n\n\n<p class=\"has-text-align-left has-black-color has-text-color has-link-color has-small-font-size wp-elements-811810728570fc217403d3a0a2ed2f0a\">Dans mon autre vie, je suis coordinatrice de projets et facilitatrice de groupes de travail dans le secteur culturel. Et j\u2019essaie d\u2019y faire une place pour mon tapis.<\/p>\n<\/div><\/div><\/div><\/div>\n\n\n\n<p><\/p>\n\n\n\n<div id=\"wp-block-cp-cool-flipbox-block-af1fb9fc\" class=\"wp-block-cp-cool-flipbox-block anim flipY\"><div class=\"cfb-block-flip-inner\"><div class=\"cfb-block-flip-front\"><div class=\"cfb-block-flip-content\"><img decoding=\"async\" class=\"cfb-block-img\" src=\"https:\/\/yoganesha-aubagne.fr\/wp-content\/uploads\/2024\/11\/cropped-cropped-cropped-cropped-Logo-Yoganesha-fond-blanc.jpg\"\/><h3 class=\"cfb-block-front-title\">Joanna Selvides<\/h3><p class=\"cfb-block-front-desc\"><\/p><\/div><\/div><div class=\"cfb-block-flip-back\"><div class=\"cfb-block-flip-content\">\n<h3 class=\"wp-block-heading cfb-block-back-title\">Joanna Selvides<\/h3>\n\n\n\n<p class=\"cfb-block-back-desc has-ast-global-color-8-color has-text-color has-link-color has-small-font-size wp-elements-e7a330a3a4b99aa2c3316036ede104e4\">Particuli\u00e8rement curieuse des potentialit\u00e9s qu\u2019offre le corps, je me suis d\u2019abord int\u00e9ress\u00e9e \u00e0 ses dimensions artistiques et politiques. La danse classique et contemporaine, tout comme l\u2019\u00e9tude de l\u2019anatomie du mouvement aupr\u00e8s de V\u00e9ronique Larcher, m\u2019ont beaucoup appris. Plus tard, j\u2019ai cherch\u00e9 une pratique dynamique que je puisse explorer en autonomie, \u00e0 tout moment : c\u2019est ainsi que j\u2019ai rencontr\u00e9 le Pranavashya, puis l\u2019Ashtanga Yoga, aupr\u00e8s de Juliette Nicoletto et Savitri Igos \u00e0 l\u2019\u00e9cole Yama.<\/p>\n\n\n\n<p class=\"has-small-font-size\">Au fil des ann\u00e9es et des tapis d\u00e9roul\u00e9s \u2013 notamment aux c\u00f4t\u00e9s de celles qui font vivre Yoganesha aujourd\u2019hui \u2013 j\u2019ai d\u00e9couvert ce qui m\u2019unit profond\u00e9ment \u00e0 cette pratique : une alliance subtile du corps et de l\u2019esprit, une fa\u00e7on de prolonger ses bienfaits dans le quotidien. Ne jamais perdre l\u2019ardeur, mais toujours y ajouter de la douceur.<\/p>\n\n\n\n<p class=\"cfb-block-back-desc has-ast-global-color-8-color has-text-color has-link-color has-small-font-size wp-elements-e465eba2718aa0c7c067f97352b83da4\">Apr\u00e8s plusieurs ann\u00e9es dans la production de spectacle vivant et le journalisme culturel, je suis aujourd\u2019hui professeure des \u00e9coles, maman, et professeure de yoga. Form\u00e9e au cursus 500h de Vanessa Brouillet (Yoga &amp; Intelligence collective), passionn\u00e9e par les approches de l\u2019Ashtanga et du Pranavashya, je poursuis actuellement une formation en Yoga Nidra \u2013 dit \u00ab yoga du sommeil \u00bb \u2013 aupr\u00e8s de Guillaume Chevrier, dans une approche sensible et philosophique du tantrisme ancien et de l\u2019exp\u00e9rience du r\u00eave.<\/p>\n<\/div><\/div><\/div><\/div>\n\n\n\n<div id=\"wp-block-cp-cool-flipbox-block-c384132c\" class=\"wp-block-cp-cool-flipbox-block anim flipY\"><div class=\"cfb-block-flip-inner\"><div class=\"cfb-block-flip-front\"><div class=\"cfb-block-flip-content\"><img decoding=\"async\" class=\"cfb-block-img\" src=\"https:\/\/yoganesha-aubagne.fr\/wp-content\/uploads\/2026\/01\/WhatsApp-Image-2026-01-26-at-18.55.52.jpeg\"\/><h3 class=\"cfb-block-front-title\">Cl\u00e9mence Garnero<\/h3><p class=\"cfb-block-front-desc\"><\/p><\/div><\/div><div class=\"cfb-block-flip-back\"><div class=\"cfb-block-flip-content\">\n<h3 class=\"wp-block-heading cfb-block-back-title\">Cl\u00e9mence Garnero<\/h3>\n\n\n\n<p class=\"cfb-block-back-desc has-ast-global-color-8-color has-text-color has-link-color has-small-font-size wp-elements-d60da0dae33266e29881b0d18082c12e\">Issue d&rsquo;une formation artistique, j&rsquo;ai d&rsquo;abord travaill\u00e9 comme graphiste en agence \u00e0 Paris.<br>J&rsquo;ai d\u00e9couvert le yoga il y a  7ans \u00e0 Toulouse, \u00e0 travers le Hatha yoga, une pratique lente et engag\u00e9e m\u00ealant postures et respiration.<\/p>\n\n\n\n<p class=\"has-small-font-size\">Cette rencontre a profond\u00e9ment transform\u00e9 mon rapport au corps. Apr\u00e8s plusieurs ann\u00e9es de pratique et une ann\u00e9e de c\u00e9sure en 2024 suite \u00e0 la naissance de ma fille, j&rsquo;ai suivi une formation de 200 heures en Hatha et Vinyasa yoga.<\/p>\n\n\n\n<p class=\"cfb-block-back-desc has-ast-global-color-8-color has-text-color has-link-color has-small-font-size wp-elements-4bd929b0e0e17f6eda3b851392f1d343\">Aujourd&rsquo;hui, j&rsquo;enseigne aupr\u00e8s des femmes de l\u00e9gionnaires et en milieu clinique.<br>Curieuse et en constante recherche, j&rsquo;aime transmettre un yoga simple, accessible et vivant.<\/p>\n<\/div><\/div><\/div><\/div>\n\n\n\n<p><\/p>\n","protected":false},"excerpt":{"rendered":"<p>Nous sommes cinq enseignantes dipl\u00f4m\u00e9es \u00e0 l\u2019\u00e9cole AYAM (\u00e9cole de formation par Intelligence Collective, plus de 500 heures de formation). [&hellip;]<\/p>\n","protected":false},"author":1,"featured_media":0,"parent":0,"menu_order":0,"comment_status":"closed","ping_status":"closed","template":"","meta":{"site-sidebar-layout":"default","site-content-layout":"","ast-site-content-layout":"","site-content-style":"default","site-sidebar-style":"default","ast-global-header-display":"","ast-banner-title-visibility":"","ast-main-header-display":"","ast-hfb-above-header-display":"","ast-hfb-below-header-display":"","ast-hfb-mobile-header-display":"","site-post-title":"","ast-breadcrumbs-content":"","ast-featured-img":"","footer-sml-layout":"","theme-transparent-header-meta":"","adv-header-id-meta":"","stick-header-meta":"","header-above-stick-meta":"","header-main-stick-meta":"","header-below-stick-meta":"","astra-migrate-meta-layouts":"default","ast-page-background-enabled":"default","ast-page-background-meta":{"desktop":{"background-color":"var(--ast-global-color-4)","background-image":"","background-repeat":"repeat","background-position":"center center","background-size":"auto","background-attachment":"scroll","background-type":"","background-media":"","overlay-type":"","overlay-color":"","overlay-opacity":"","overlay-gradient":""},"tablet":{"background-color":"","background-image":"","background-repeat":"repeat","background-position":"center center","background-size":"auto","background-attachment":"scroll","background-type":"","background-media":"","overlay-type":"","overlay-color":"","overlay-opacity":"","overlay-gradient":""},"mobile":{"background-color":"","background-image":"","background-repeat":"repeat","background-position":"center center","background-size":"auto","background-attachment":"scroll","background-type":"","background-media":"","overlay-type":"","overlay-color":"","overlay-opacity":"","overlay-gradient":""}},"ast-content-background-meta":{"desktop":{"background-color":"var(--ast-global-color-5)","background-image":"","background-repeat":"repeat","background-position":"center center","background-size":"auto","background-attachment":"scroll","background-type":"","background-media":"","overlay-type":"","overlay-color":"","overlay-opacity":"","overlay-gradient":""},"tablet":{"background-color":"var(--ast-global-color-5)","background-image":"","background-repeat":"repeat","background-position":"center center","background-size":"auto","background-attachment":"scroll","background-type":"","background-media":"","overlay-type":"","overlay-color":"","overlay-opacity":"","overlay-gradient":""},"mobile":{"background-color":"var(--ast-global-color-5)","background-image":"","background-repeat":"repeat","background-position":"center center","background-size":"auto","background-attachment":"scroll","background-type":"","background-media":"","overlay-type":"","overlay-color":"","overlay-opacity":"","overlay-gradient":""}},"footnotes":""},"class_list":["post-49","page","type-page","status-publish","hentry"],"_links":{"self":[{"href":"https:\/\/yoganesha-aubagne.fr\/index.php\/wp-json\/wp\/v2\/pages\/49","targetHints":{"allow":["GET"]}}],"collection":[{"href":"https:\/\/yoganesha-aubagne.fr\/index.php\/wp-json\/wp\/v2\/pages"}],"about":[{"href":"https:\/\/yoganesha-aubagne.fr\/index.php\/wp-json\/wp\/v2\/types\/page"}],"author":[{"embeddable":true,"href":"https:\/\/yoganesha-aubagne.fr\/index.php\/wp-json\/wp\/v2\/users\/1"}],"replies":[{"embeddable":true,"href":"https:\/\/yoganesha-aubagne.fr\/index.php\/wp-json\/wp\/v2\/comments?post=49"}],"version-history":[{"count":33,"href":"https:\/\/yoganesha-aubagne.fr\/index.php\/wp-json\/wp\/v2\/pages\/49\/revisions"}],"predecessor-version":[{"id":546,"href":"https:\/\/yoganesha-aubagne.fr\/index.php\/wp-json\/wp\/v2\/pages\/49\/revisions\/546"}],"wp:attachment":[{"href":"https:\/\/yoganesha-aubagne.fr\/index.php\/wp-json\/wp\/v2\/media?parent=49"}],"curies":[{"name":"wp","href":"https:\/\/api.w.org\/{rel}","templated":true}]}}