{"id":2,"date":"2024-11-05T16:07:38","date_gmt":"2024-11-05T15:07:38","guid":{"rendered":"http:\/\/yoganesha-aubagne.fr\/?page_id=2"},"modified":"2025-08-25T11:46:30","modified_gmt":"2025-08-25T09:46:30","slug":"page-d-exemple","status":"publish","type":"page","link":"https:\/\/yoganesha-aubagne.fr\/","title":{"rendered":"Accueil"},"content":{"rendered":"\n<div class=\"alignnormal\"><div id=\"metaslider-id-104\" style=\"width: 100%;\" class=\"ml-slider-3-102-0 metaslider metaslider-flex metaslider-104 ml-slider has-dots-nav ms-theme-default\" role=\"region\" aria-label=\"Diaporama accueil Yoganesha\" data-height=\"300\" data-width=\"700\">\n    <div id=\"metaslider_container_104\">\n        <div id=\"metaslider_104\">\n            <ul class='slides'>\n                <li style=\"display: block; width: 100%;\" class=\"slide-228 ms-image \" aria-roledescription=\"slide\" data-date=\"2024-11-10 12:15:28\" data-slide-type=\"image\"><a href=\"http:\/\/yoganesha-aubagne.fr\/index.php\/quest-ce-que-lashtanga-vinyasa-yoga\/\" target=\"_self\" aria-label=\"Qu&#039;est ce que l&#039;Ashtanga Vinyasa Yoga?\" class=\"metaslider_image_link\"><img loading=\"lazy\" decoding=\"async\" src=\"https:\/\/yoganesha-aubagne.fr\/wp-content\/uploads\/2024\/11\/baniere-3-700x300.jpg\" height=\"300\" width=\"700\" alt=\"\" class=\"slider-104 slide-228 msDefaultImage\" title=\"baniere 3\" \/><\/a><\/li>\n                <li style=\"display: none; width: 100%;\" class=\"slide-229 ms-image \" aria-roledescription=\"slide\" data-date=\"2024-11-10 12:22:11\" data-slide-type=\"image\"><a href=\"http:\/\/yoganesha-aubagne.fr\/index.php\/nos-cours\/\" target=\"_self\" aria-label=\"Voir les d\u00e9tails de la diapositive\" class=\"metaslider_image_link\"><img loading=\"lazy\" decoding=\"async\" src=\"https:\/\/yoganesha-aubagne.fr\/wp-content\/uploads\/2024\/11\/baniere-11-scaled-700x300.jpg\" height=\"300\" width=\"700\" alt=\"\" class=\"slider-104 slide-229 msDefaultImage\" title=\"baniere 11\" \/><\/a><\/li>\n                <li style=\"display: none; width: 100%;\" class=\"slide-230 ms-image \" aria-roledescription=\"slide\" data-date=\"2024-11-10 12:23:10\" data-slide-type=\"image\"><a href=\"http:\/\/yoganesha-aubagne.fr\/index.php\/notre-vision-et-nos-valeurs\/\" target=\"_self\" aria-label=\"Notre vision et nos valeurs\" class=\"metaslider_image_link\"><img loading=\"lazy\" decoding=\"async\" src=\"https:\/\/yoganesha-aubagne.fr\/wp-content\/uploads\/2024\/11\/baniere-22-scaled-700x300.jpg\" height=\"300\" width=\"700\" alt=\"\" class=\"slider-104 slide-230 msDefaultImage\" title=\"baniere 22\" \/><\/a><\/li>\n            <\/ul>\n        <\/div>\n        \n    <\/div>\n<\/div><\/div>\n\n\n\n<div class=\"wp-block-group is-layout-constrained wp-block-group-is-layout-constrained\">\n<h2 class=\"wp-block-heading\"><strong>BIENVENUE CHEZ YOGANESHA !<\/strong><\/h2>\n\n\n\n<p>\u00c0 Aubagne, notre \u00e9cole de yoga vous propose un espace serein et accueillant pour explorer et approfondir votre pratique du yoga. Que vous soyez novice ou yogi confirm\u00e9, Yoganesha est un lieu o\u00f9 chacun peut s&rsquo;\u00e9panouir. Nous sommes des enseignantes dipl\u00f4m\u00e9es, passionn\u00e9es et notre mission est d\u2019offrir des cours adapt\u00e9s \u00e0 tous les \u00e2ges et \u00e0 toutes les conditions physiques, favorisant le bien-\u00eatre et l&rsquo;harmonie int\u00e9rieure.<\/p>\n<\/div>\n\n\n\n<p><\/p>\n","protected":false},"excerpt":{"rendered":"<p>BIENVENUE CHEZ YOGANESHA ! \u00c0 Aubagne, notre \u00e9cole de yoga vous propose un espace serein et accueillant pour explorer et [&hellip;]<\/p>\n","protected":false},"author":1,"featured_media":0,"parent":0,"menu_order":0,"comment_status":"closed","ping_status":"open","template":"","meta":{"site-sidebar-layout":"default","site-content-layout":"","ast-site-content-layout":"","site-content-style":"default","site-sidebar-style":"default","ast-global-header-display":"","ast-banner-title-visibility":"","ast-main-header-display":"","ast-hfb-above-header-display":"","ast-hfb-below-header-display":"","ast-hfb-mobile-header-display":"","site-post-title":"","ast-breadcrumbs-content":"","ast-featured-img":"","footer-sml-layout":"","theme-transparent-header-meta":"","adv-header-id-meta":"","stick-header-meta":"","header-above-stick-meta":"","header-main-stick-meta":"","header-below-stick-meta":"","astra-migrate-meta-layouts":"default","ast-page-background-enabled":"default","ast-page-background-meta":{"desktop":{"background-color":"var(--ast-global-color-4)","background-image":"","background-repeat":"repeat","background-position":"center center","background-size":"auto","background-attachment":"scroll","background-type":"","background-media":"","overlay-type":"","overlay-color":"","overlay-opacity":"","overlay-gradient":""},"tablet":{"background-color":"","background-image":"","background-repeat":"repeat","background-position":"center center","background-size":"auto","background-attachment":"scroll","background-type":"","background-media":"","overlay-type":"","overlay-color":"","overlay-opacity":"","overlay-gradient":""},"mobile":{"background-color":"","background-image":"","background-repeat":"repeat","background-position":"center center","background-size":"auto","background-attachment":"scroll","background-type":"","background-media":"","overlay-type":"","overlay-color":"","overlay-opacity":"","overlay-gradient":""}},"ast-content-background-meta":{"desktop":{"background-color":"var(--ast-global-color-5)","background-image":"","background-repeat":"repeat","background-position":"center center","background-size":"auto","background-attachment":"scroll","background-type":"","background-media":"","overlay-type":"","overlay-color":"","overlay-opacity":"","overlay-gradient":""},"tablet":{"background-color":"var(--ast-global-color-5)","background-image":"","background-repeat":"repeat","background-position":"center center","background-size":"auto","background-attachment":"scroll","background-type":"","background-media":"","overlay-type":"","overlay-color":"","overlay-opacity":"","overlay-gradient":""},"mobile":{"background-color":"var(--ast-global-color-5)","background-image":"","background-repeat":"repeat","background-position":"center center","background-size":"auto","background-attachment":"scroll","background-type":"","background-media":"","overlay-type":"","overlay-color":"","overlay-opacity":"","overlay-gradient":""}},"footnotes":""},"class_list":["post-2","page","type-page","status-publish","hentry"],"_links":{"self":[{"href":"https:\/\/yoganesha-aubagne.fr\/index.php\/wp-json\/wp\/v2\/pages\/2","targetHints":{"allow":["GET"]}}],"collection":[{"href":"https:\/\/yoganesha-aubagne.fr\/index.php\/wp-json\/wp\/v2\/pages"}],"about":[{"href":"https:\/\/yoganesha-aubagne.fr\/index.php\/wp-json\/wp\/v2\/types\/page"}],"author":[{"embeddable":true,"href":"https:\/\/yoganesha-aubagne.fr\/index.php\/wp-json\/wp\/v2\/users\/1"}],"replies":[{"embeddable":true,"href":"https:\/\/yoganesha-aubagne.fr\/index.php\/wp-json\/wp\/v2\/comments?post=2"}],"version-history":[{"count":13,"href":"https:\/\/yoganesha-aubagne.fr\/index.php\/wp-json\/wp\/v2\/pages\/2\/revisions"}],"predecessor-version":[{"id":445,"href":"https:\/\/yoganesha-aubagne.fr\/index.php\/wp-json\/wp\/v2\/pages\/2\/revisions\/445"}],"wp:attachment":[{"href":"https:\/\/yoganesha-aubagne.fr\/index.php\/wp-json\/wp\/v2\/media?parent=2"}],"curies":[{"name":"wp","href":"https:\/\/api.w.org\/{rel}","templated":true}]}}